{"id":10,"date":"2022-02-14T16:17:30","date_gmt":"2022-02-14T16:17:30","guid":{"rendered":"https:\/\/javierperezvilla.com\/?page_id=10"},"modified":"2023-12-26T11:30:54","modified_gmt":"2023-12-26T11:30:54","slug":"a-cerca-de-mi","status":"publish","type":"page","link":"https:\/\/javierperezvilla.com\/?page_id=10","title":{"rendered":"QUI\u00c9N SOY"},"content":{"rendered":"\n<p><\/p>\n\n\n\n<p><\/p>\n\n\n\n<p class=\"has-text-align-left has-medium-font-size\"><strong>Abogado<\/strong> desde 1.998, <strong>deportista<\/strong> desde siempre, inconformista por naturaleza. Estas caracter\u00edsticas hacen que siempre est\u00e9 en un continuo proceso b\u00fasqueda y mejora, y por lo tanto, siempre cerca de la innovaci\u00f3n como herramienta facilitadora del progreso.<\/p>\n\n\n\n<p class=\"has-text-align-left has-medium-font-size\">Muy interesado en la <strong>tecnolog\u00eda <\/strong>en general, en las tecnolog\u00edas del <strong>registro distribuido<\/strong> en particular,&nbsp; y en el impacto que est\u00e1n teniendo en todos los sectores econ\u00f3micos, asesoro a empresas, startups, y emprendedores, en sus procesos de transformaci\u00f3n digital.<\/p>\n\n\n\n<p><\/p>\n\n\n\n<p><\/p>\n\n\n\n<p class=\"has-text-align-center has-medium-font-size\"><strong>Mas que ayudar a resolver problemas, prefiero ayudar a evitarlos.<\/strong>\u00a0<\/p>\n\n\n\n<p><\/p>\n\n\n\n<p><\/p>\n\n\n\n<p class=\"has-text-align-center has-medium-font-size\"><strong>Algo sobre mi formaci\u00f3n:<\/strong><\/p>\n\n\n\n<ul class=\"wp-block-list\">\n<li class=\"has-medium-font-size\">Licenciado en Derecho por la Universidad de Zaragoza.  <\/li>\n\n\n\n<li class=\"has-medium-font-size\">Master en Derecho deportivo por la Universidad de Valencia. <\/li>\n\n\n\n<li class=\"has-medium-font-size\">Experto en Mediaci\u00f3n Deportiva. (Comit\u00e9 Ol\u00edmpico Espa\u00f1ol).<\/li>\n<\/ul>\n\n\n\n<p><\/p>\n\n\n\n<p class=\"has-text-align-center has-medium-font-size\"><strong>Sobre mi actividad: <\/strong><\/p>\n\n\n\n<ul class=\"wp-block-list\">\n<li class=\"has-medium-font-size\">Socio fundador del despacho <strong>Los Sitios Abogados<\/strong>. <\/li>\n\n\n\n<li class=\"has-medium-font-size\">Miembro del <strong>Tribunal Administrativo del Deporte Aragon\u00e9s<\/strong>.<\/li>\n\n\n\n<li class=\"has-medium-font-size\">Presidente de la <strong>Asociaci\u00f3n Blockchain Zaragoza<\/strong>. <\/li>\n\n\n\n<li class=\"has-medium-font-size\">Socio fundador, y miembro de la Junta Directiva de la <strong>Asociaci\u00f3n Aragonesa de Derecho Deportivo<\/strong>. <\/li>\n\n\n\n<li class=\"has-medium-font-size\">Miembro de la Junta directiva de la <strong>Secci\u00f3n de Derecho Deportivo, del Real e Ilustre Colegio de Abogados de Zaragoza<\/strong>. <\/li>\n\n\n\n<li class=\"has-medium-font-size\">Socio de la <strong>Asociaci\u00f3n Espa\u00f1ola de Derecho Deportivo<\/strong>. <\/li>\n\n\n\n<li class=\"has-medium-font-size\">Miembro desde su fundaci\u00f3n de la <strong>Asociaci\u00f3n Espa\u00f1ola de Mediaci\u00f3n Deportiva<\/strong>.  <\/li>\n\n\n\n<li class=\"has-medium-font-size\">Miembro de la Junta directiva de la <strong>Secci\u00f3n de Derecho Digital, del Real e Ilustre Colegio de Abogados de Zaragoza. <\/strong><\/li>\n<\/ul>\n\n\n<div class=\"wp-block-image\">\n<figure class=\"aligncenter is-resized\"><img decoding=\"async\" src=\"https:\/\/javierperezvilla.com\/wp-content\/uploads\/2022\/02\/D8I0627.jpg\" alt=\"\" style=\"width:253px;height:auto\"\/><\/figure><\/div>\n\n<\/p>","protected":false},"excerpt":{"rendered":"<p>Abogado desde 1.998, deportista desde siempre, inconformista por naturaleza. Estas caracter\u00edsticas hacen que siempre est\u00e9 en un continuo proceso b\u00fasqueda y mejora, y por lo tanto, siempre cerca de la innovaci\u00f3n como herramienta facilitadora del progreso. Muy interesado en la tecnolog\u00eda en general, en las&nbsp;<a class=\"read-more\" href=\"https:\/\/javierperezvilla.com\/?page_id=10\">Leer m\u00e1s<\/a><\/p>\n","protected":false},"author":1,"featured_media":0,"parent":0,"menu_order":0,"comment_status":"closed","ping_status":"closed","template":"","meta":{"footnotes":""},"class_list":["post-10","page","type-page","status-publish","hentry"],"_links":{"self":[{"href":"https:\/\/javierperezvilla.com\/index.php?rest_route=\/wp\/v2\/pages\/10"}],"collection":[{"href":"https:\/\/javierperezvilla.com\/index.php?rest_route=\/wp\/v2\/pages"}],"about":[{"href":"https:\/\/javierperezvilla.com\/index.php?rest_route=\/wp\/v2\/types\/page"}],"author":[{"embeddable":true,"href":"https:\/\/javierperezvilla.com\/index.php?rest_route=\/wp\/v2\/users\/1"}],"replies":[{"embeddable":true,"href":"https:\/\/javierperezvilla.com\/index.php?rest_route=%2Fwp%2Fv2%2Fcomments&post=10"}],"version-history":[{"count":0,"href":"https:\/\/javierperezvilla.com\/index.php?rest_route=\/wp\/v2\/pages\/10\/revisions"}],"wp:attachment":[{"href":"https:\/\/javierperezvilla.com\/index.php?rest_route=%2Fwp%2Fv2%2Fmedia&parent=10"}],"curies":[{"name":"wp","href":"https:\/\/api.w.org\/{rel}","templated":true}]}}